{"id":25004,"date":"2024-01-18T21:59:48","date_gmt":"2024-01-18T20:59:48","guid":{"rendered":"https:\/\/einentwickler.de\/?page_id=25004"},"modified":"2024-02-05T09:39:51","modified_gmt":"2024-02-05T08:39:51","slug":"impressum","status":"publish","type":"page","link":"https:\/\/einentwickler.de\/en\/impressum\/","title":{"rendered":"Imprint"},"content":{"rendered":"\n[et_pb_section fb_built=&#8220;1&#8243; admin_label=&#8220;Header&#8220; _builder_version=&#8220;4.23.4&#8243; _module_preset=&#8220;default&#8220; background_color=&#8220;#8EE2CB&#8220; background_enable_image=&#8220;off&#8220; parallax=&#8220;on&#8220; custom_padding=&#8220;9vw||||false|false&#8220; collapsed=&#8220;off&#8220; global_colors_info=&#8220;{}&#8220;][et_pb_row _builder_version=&#8220;4.23.4&#8243; _module_preset=&#8220;default&#8220; background_color=&#8220;#8EE2CB&#8220; width=&#8220;90%&#8220; custom_padding=&#8220;50px|50px|50px|50px|true|true&#8220; global_colors_info=&#8220;{}&#8220;][et_pb_column type=&#8220;4_4&#8243; _builder_version=&#8220;4.23.4&#8243; _module_preset=&#8220;default&#8220; global_colors_info=&#8220;{}&#8220;][et_pb_text _builder_version=&#8220;4.23.4&#8243; _module_preset=&#8220;default&#8220; text_text_color=&#8220;#333333&#8243; header_font=&#8220;|600|||||||&#8220; header_letter_spacing=&#8220;1px&#8220; global_colors_info=&#8220;{}&#8220;]<h1><span style=\"font-size: xx-large;\">Impressum<\/span><\/h1>[\/et_pb_text][et_pb_text _builder_version=&#8220;4.23.4&#8243; _module_preset=&#8220;default&#8220; text_text_color=&#8220;#333333&#8243; hover_enabled=&#8220;0&#8243; global_colors_info=&#8220;{}&#8220; sticky_enabled=&#8220;0&#8243;]<p>Firmenname: Bernd Havekost \/ Einzelunternehmen<\/p>\n<p>Inhaber: Bernd Havekost<\/p>\n<p>Website: <a style=\"color: #333; text-decoration: none;\" href=\"\/\">www.einentwickler.de<\/a><\/p>\n<p>Gesch\u00e4ftsadresse:<\/p>\n<p>Warnholtzstra\u00dfe 1<br \/>22767 Hamburg<\/p>\n<p>E-Mail: <a style=\"color: #333; text-decoration: none;\" href=\"mailto:kontakt@einentwickler.de\">kontakt@einentwickler.de<\/a><\/p>\n<p>Telefon: 0157 3702 6359<\/p>\n<p>Inhaltlich verantwortlich gem\u00e4\u00df \u00a75 TMG:<br \/>Name: Bernd Havekost<\/p>[\/et_pb_text][\/et_pb_column][\/et_pb_row][\/et_pb_section]\n","protected":false},"excerpt":{"rendered":"<p>ImpressumFirmenname: Bernd Havekost \/ Einzelunternehmen Inhaber: Bernd Havekost Website: www.einentwickler.de Gesch\u00e4ftsadresse: Warnholtzstra\u00dfe 122767 Hamburg E-Mail: kontakt@einentwickler.de Telefon: 0157 3702 6359 Inhaltlich verantwortlich gem\u00e4\u00df \u00a75 TMG:Name: Bernd Havekost<\/p>","protected":false},"author":1,"featured_media":0,"parent":0,"menu_order":0,"comment_status":"closed","ping_status":"closed","template":"","meta":{"_et_pb_use_builder":"on","_et_pb_old_content":"","_et_gb_content_width":"","footnotes":""},"yoast_head":"<!-- This site is optimized with the Yoast SEO plugin v24.5 - https:\/\/yoast.com\/wordpress\/plugins\/seo\/ -->\n<title>Impressum - einentwickler.de<\/title>\n<meta name=\"robots\" content=\"noindex, follow\" \/>\n<meta property=\"og:locale\" content=\"en_GB\" \/>\n<meta property=\"og:type\" content=\"article\" \/>\n<meta property=\"og:title\" content=\"Impressum - einentwickler.de\" \/>\n<meta property=\"og:description\" content=\"ImpressumFirmenname: Bernd Havekost \/ Einzelunternehmen Inhaber: Bernd Havekost Website: www.einentwickler.de Gesch\u00e4ftsadresse: Warnholtzstra\u00dfe 122767 Hamburg E-Mail: kontakt@einentwickler.de Telefon: 0157 3702 6359 Inhaltlich verantwortlich gem\u00e4\u00df \u00a75 TMG:Name: Bernd Havekost\" \/>\n<meta property=\"og:url\" content=\"https:\/\/einentwickler.de\/en\/impressum\/\" \/>\n<meta property=\"og:site_name\" content=\"einentwickler.de\" \/>\n<meta property=\"article:modified_time\" content=\"2024-02-05T08:39:51+00:00\" \/>\n<meta name=\"twitter:card\" content=\"summary_large_image\" \/>\n<meta name=\"twitter:label1\" content=\"Estimated reading time\" \/>\n\t<meta name=\"twitter:data1\" content=\"1 minute\" \/>\n<script type=\"application\/ld+json\" class=\"yoast-schema-graph\">{\"@context\":\"https:\/\/schema.org\",\"@graph\":[{\"@type\":\"WebPage\",\"@id\":\"https:\/\/einentwickler.de\/impressum\/\",\"url\":\"https:\/\/einentwickler.de\/impressum\/\",\"name\":\"Impressum - einentwickler.de\",\"isPartOf\":{\"@id\":\"https:\/\/einentwickler.de\/de\/#website\"},\"datePublished\":\"2024-01-18T20:59:48+00:00\",\"dateModified\":\"2024-02-05T08:39:51+00:00\",\"breadcrumb\":{\"@id\":\"https:\/\/einentwickler.de\/impressum\/#breadcrumb\"},\"inLanguage\":\"en-GB\",\"potentialAction\":[{\"@type\":\"ReadAction\",\"target\":[\"https:\/\/einentwickler.de\/impressum\/\"]}]},{\"@type\":\"BreadcrumbList\",\"@id\":\"https:\/\/einentwickler.de\/impressum\/#breadcrumb\",\"itemListElement\":[{\"@type\":\"ListItem\",\"position\":1,\"name\":\"Startseite\",\"item\":\"https:\/\/einentwickler.de\/\"},{\"@type\":\"ListItem\",\"position\":2,\"name\":\"Impressum\"}]},{\"@type\":\"WebSite\",\"@id\":\"https:\/\/einentwickler.de\/de\/#website\",\"url\":\"https:\/\/einentwickler.de\/de\/\",\"name\":\"einentwickler.de\",\"description\":\"Wir kriegen das hin.\",\"publisher\":{\"@id\":\"https:\/\/einentwickler.de\/de\/#organization\"},\"potentialAction\":[{\"@type\":\"SearchAction\",\"target\":{\"@type\":\"EntryPoint\",\"urlTemplate\":\"https:\/\/einentwickler.de\/de\/?s={search_term_string}\"},\"query-input\":{\"@type\":\"PropertyValueSpecification\",\"valueRequired\":true,\"valueName\":\"search_term_string\"}}],\"inLanguage\":\"en-GB\"},{\"@type\":\"Organization\",\"@id\":\"https:\/\/einentwickler.de\/de\/#organization\",\"name\":\"einentwickler.de\",\"url\":\"https:\/\/einentwickler.de\/de\/\",\"logo\":{\"@type\":\"ImageObject\",\"inLanguage\":\"en-GB\",\"@id\":\"https:\/\/einentwickler.de\/de\/#\/schema\/logo\/image\/\",\"url\":\"https:\/\/einentwickler.de\/wp-content\/uploads\/2024\/01\/e_mint_small.png\",\"contentUrl\":\"https:\/\/einentwickler.de\/wp-content\/uploads\/2024\/01\/e_mint_small.png\",\"width\":333,\"height\":333,\"caption\":\"einentwickler.de\"},\"image\":{\"@id\":\"https:\/\/einentwickler.de\/de\/#\/schema\/logo\/image\/\"},\"sameAs\":[\"https:\/\/www.linkedin.com\/in\/bernd-havekost\/\"]}]}<\/script>\n<!-- \/ Yoast SEO plugin. -->","yoast_head_json":{"title":"Impressum - einentwickler.de","robots":{"index":"noindex","follow":"follow"},"og_locale":"en_GB","og_type":"article","og_title":"Impressum - einentwickler.de","og_description":"ImpressumFirmenname: Bernd Havekost \/ Einzelunternehmen Inhaber: Bernd Havekost Website: www.einentwickler.de Gesch\u00e4ftsadresse: Warnholtzstra\u00dfe 122767 Hamburg E-Mail: kontakt@einentwickler.de Telefon: 0157 3702 6359 Inhaltlich verantwortlich gem\u00e4\u00df \u00a75 TMG:Name: Bernd Havekost","og_url":"https:\/\/einentwickler.de\/en\/impressum\/","og_site_name":"einentwickler.de","article_modified_time":"2024-02-05T08:39:51+00:00","twitter_card":"summary_large_image","twitter_misc":{"Estimated reading time":"1 minute"},"schema":{"@context":"https:\/\/schema.org","@graph":[{"@type":"WebPage","@id":"https:\/\/einentwickler.de\/impressum\/","url":"https:\/\/einentwickler.de\/impressum\/","name":"Impressum - einentwickler.de","isPartOf":{"@id":"https:\/\/einentwickler.de\/de\/#website"},"datePublished":"2024-01-18T20:59:48+00:00","dateModified":"2024-02-05T08:39:51+00:00","breadcrumb":{"@id":"https:\/\/einentwickler.de\/impressum\/#breadcrumb"},"inLanguage":"en-GB","potentialAction":[{"@type":"ReadAction","target":["https:\/\/einentwickler.de\/impressum\/"]}]},{"@type":"BreadcrumbList","@id":"https:\/\/einentwickler.de\/impressum\/#breadcrumb","itemListElement":[{"@type":"ListItem","position":1,"name":"Startseite","item":"https:\/\/einentwickler.de\/"},{"@type":"ListItem","position":2,"name":"Impressum"}]},{"@type":"WebSite","@id":"https:\/\/einentwickler.de\/de\/#website","url":"https:\/\/einentwickler.de\/de\/","name":"einentwickler.de","description":"Wir kriegen das hin.","publisher":{"@id":"https:\/\/einentwickler.de\/de\/#organization"},"potentialAction":[{"@type":"SearchAction","target":{"@type":"EntryPoint","urlTemplate":"https:\/\/einentwickler.de\/de\/?s={search_term_string}"},"query-input":{"@type":"PropertyValueSpecification","valueRequired":true,"valueName":"search_term_string"}}],"inLanguage":"en-GB"},{"@type":"Organization","@id":"https:\/\/einentwickler.de\/de\/#organization","name":"einentwickler.de","url":"https:\/\/einentwickler.de\/de\/","logo":{"@type":"ImageObject","inLanguage":"en-GB","@id":"https:\/\/einentwickler.de\/de\/#\/schema\/logo\/image\/","url":"https:\/\/einentwickler.de\/wp-content\/uploads\/2024\/01\/e_mint_small.png","contentUrl":"https:\/\/einentwickler.de\/wp-content\/uploads\/2024\/01\/e_mint_small.png","width":333,"height":333,"caption":"einentwickler.de"},"image":{"@id":"https:\/\/einentwickler.de\/de\/#\/schema\/logo\/image\/"},"sameAs":["https:\/\/www.linkedin.com\/in\/bernd-havekost\/"]}]}},"_links":{"self":[{"href":"https:\/\/einentwickler.de\/en\/wp-json\/wp\/v2\/pages\/25004"}],"collection":[{"href":"https:\/\/einentwickler.de\/en\/wp-json\/wp\/v2\/pages"}],"about":[{"href":"https:\/\/einentwickler.de\/en\/wp-json\/wp\/v2\/types\/page"}],"author":[{"embeddable":true,"href":"https:\/\/einentwickler.de\/en\/wp-json\/wp\/v2\/users\/1"}],"replies":[{"embeddable":true,"href":"https:\/\/einentwickler.de\/en\/wp-json\/wp\/v2\/comments?post=25004"}],"version-history":[{"count":10,"href":"https:\/\/einentwickler.de\/en\/wp-json\/wp\/v2\/pages\/25004\/revisions"}],"predecessor-version":[{"id":243093,"href":"https:\/\/einentwickler.de\/en\/wp-json\/wp\/v2\/pages\/25004\/revisions\/243093"}],"wp:attachment":[{"href":"https:\/\/einentwickler.de\/en\/wp-json\/wp\/v2\/media?parent=25004"}],"curies":[{"name":"wp","href":"https:\/\/api.w.org\/{rel}","templated":true}]}}